{"id":2,"date":"2021-03-23T16:31:45","date_gmt":"2021-03-23T15:31:45","guid":{"rendered":"https:\/\/rra-legal.pl\/?page_id=2"},"modified":"2022-01-09T17:14:45","modified_gmt":"2022-01-09T16:14:45","slug":"o-mnie","status":"publish","type":"page","link":"https:\/\/rra-legal.pl\/","title":{"rendered":"O Mnie"},"content":{"rendered":"<p>Kancelaria Adwokacka oferuje pomoc prawn\u0105 dostosowan\u0105 do indywidualnych potrzeb ka\u017cdego klienta.<\/p>\n<p>Kancelaria \u015bwiadczy kompleksow\u0105 obs\u0142ug\u0119 w zakresie :<\/p>\n<ul>\n<li>prawa karnego,<\/li>\n<li>prawa rodzinnego,<\/li>\n<li>opieku\u0144czego,<\/li>\n<li>prawa cywilnego,<\/li>\n<li>gospodarczego.<\/li>\n<\/ul>\n<p>Adwokat Roman Rutkowski<\/p>\n","protected":false},"excerpt":{"rendered":"<p>Kancelaria Adwokacka oferuje pomoc prawn\u0105 dostosowan\u0105 do indywidualnych potrzeb ka\u017cdego klienta. Kancelaria \u015bwiadczy kompleksow\u0105 obs\u0142ug\u0119 w zakresie : prawa karnego, prawa rodzinnego, opieku\u0144czego, prawa cywilnego, gospodarczego. Adwokat Roman Rutkowski<\/p>\n","protected":false},"author":2,"featured_media":0,"parent":0,"menu_order":0,"comment_status":"closed","ping_status":"closed","template":"","meta":{"footnotes":""},"class_list":["post-2","page","type-page","status-publish","hentry"],"_links":{"self":[{"href":"https:\/\/rra-legal.pl\/index.php?rest_route=\/wp\/v2\/pages\/2","targetHints":{"allow":["GET"]}}],"collection":[{"href":"https:\/\/rra-legal.pl\/index.php?rest_route=\/wp\/v2\/pages"}],"about":[{"href":"https:\/\/rra-legal.pl\/index.php?rest_route=\/wp\/v2\/types\/page"}],"author":[{"embeddable":true,"href":"https:\/\/rra-legal.pl\/index.php?rest_route=\/wp\/v2\/users\/2"}],"replies":[{"embeddable":true,"href":"https:\/\/rra-legal.pl\/index.php?rest_route=%2Fwp%2Fv2%2Fcomments&post=2"}],"version-history":[{"count":13,"href":"https:\/\/rra-legal.pl\/index.php?rest_route=\/wp\/v2\/pages\/2\/revisions"}],"predecessor-version":[{"id":81,"href":"https:\/\/rra-legal.pl\/index.php?rest_route=\/wp\/v2\/pages\/2\/revisions\/81"}],"wp:attachment":[{"href":"https:\/\/rra-legal.pl\/index.php?rest_route=%2Fwp%2Fv2%2Fmedia&parent=2"}],"curies":[{"name":"wp","href":"https:\/\/api.w.org\/{rel}","templated":true}]}}